{"id":8,"date":"2017-07-24T12:00:57","date_gmt":"2017-07-24T10:00:57","guid":{"rendered":"http:\/\/www.centrum-urody.com\/?page_id=8"},"modified":"2022-11-29T19:00:20","modified_gmt":"2022-11-29T18:00:20","slug":"home","status":"publish","type":"page","link":"http:\/\/www.centrum-urody.com\/","title":{"rendered":"Home"},"content":{"rendered":"<p><div class=\"fusion-fullwidth fullwidth-box fusion-builder-row-1 fusion-flex-container has-pattern-background has-mask-background nonhundred-percent-fullwidth non-hundred-percent-height-scrolling\" style=\"background-color: rgba(255,255,255,0);background-position: center center;background-repeat: no-repeat;border-width: 0px 0px 0px 0px;border-color:#eae9e9;border-style:solid;\" ><div class=\"fusion-builder-row fusion-row fusion-flex-align-items-flex-start\" style=\"max-width:1144px;margin-left: calc(-4% \/ 2 );margin-right: calc(-4% \/ 2 );\"><div class=\"fusion-layout-column fusion_builder_column fusion-builder-column-0 fusion_builder_column_1_6 1_6 fusion-flex-column\"><div class=\"fusion-column-wrapper fusion-flex-justify-content-flex-start fusion-content-layout-column\" style=\"background-position:left top;background-repeat:no-repeat;-webkit-background-size:cover;-moz-background-size:cover;-o-background-size:cover;background-size:cover;padding: 0px 0px 0px 0px;\"><\/div><style type=\"text\/css\">.fusion-body .fusion-builder-column-0{width:16.666666666667% !important;margin-top : 0px;margin-bottom : 20px;}.fusion-builder-column-0 > .fusion-column-wrapper {padding-top : 0px !important;padding-right : 0px !important;margin-right : 11.52%;padding-bottom : 0px !important;padding-left : 0px !important;margin-left : 11.52%;}@media only screen and (max-width:1024px) {.fusion-body .fusion-builder-column-0{width:100% !important;order : 0;}.fusion-builder-column-0 > .fusion-column-wrapper {margin-right : 1.92%;margin-left : 1.92%;}}@media only screen and (max-width:640px) {.fusion-body .fusion-builder-column-0{width:100% !important;order : 0;}.fusion-builder-column-0 > .fusion-column-wrapper {margin-right : 1.92%;margin-left : 1.92%;}}<\/style><\/div><div class=\"fusion-layout-column fusion_builder_column fusion-builder-column-1 fusion_builder_column_2_3 2_3 fusion-flex-column\"><div class=\"fusion-column-wrapper fusion-flex-justify-content-flex-start fusion-content-layout-column\" style=\"background-position:left top;background-repeat:no-repeat;-webkit-background-size:cover;-moz-background-size:cover;-o-background-size:cover;background-size:cover;padding: 0px 0px 0px 0px;\"><style type=\"text\/css\">@media only screen and (max-width:1024px) {.fusion-title.fusion-title-1{margin-top:0px!important; margin-right:0px!important;margin-bottom:5px!important;margin-left:0px!important;}}@media only screen and (max-width:640px) {.fusion-title.fusion-title-1{margin-top:10px!important; margin-right:0px!important;margin-bottom:10px!important; margin-left:0px!important;}}<\/style><div class=\"fusion-title title fusion-title-1 fusion-sep-none fusion-title-text fusion-title-size-one\" style=\"margin-top:0px;margin-right:0px;margin-bottom:5px;margin-left:0px;\"><h1 class=\"title-heading-left\" style=\"font-family:&quot;Poppins&quot;;margin:0;color:#000000;\">Centrum urody Agata Bulek<\/h1><\/div><div class=\"fusion-text fusion-text-1\" style=\"font-size:16px;line-height:32px;color:#000000;font-family:&quot;Poppins&quot;;font-weight:300;\"><p>W Centrum urody Agata Bulek dysponujemy pe\u0142n\u0105 ofert\u0105 kosmetologicznych zabieg\u00f3w piel\u0119gnacyjnych twarzy, cia\u0142a, d\u0142oni i st\u00f3p. Nasz gabinet wyposa\u017cony jest w najnowocze\u015bniejszy sprz\u0119t i technologie dost\u0119pne na rynku kosmetologicznym.<\/p>\n<p>Pracujemy na najlepszej jako\u015bci kosmetykach piel\u0119gnacyjnych renomowanych marek.<\/p>\n<p>Zabiegi kosmetologiczne wykonuje wykwalifikowany personel, kt\u00f3ry dba o Pa\u0144stwa komfort i pe\u0142ne zadowolenie z wykonywanych us\u0142ug.<br \/>\nNiezwykle wa\u017cna jest dla nas higiena i bezpiecze\u0144stwo Pacjenta, dlatego te\u017c z najwi\u0119ksz\u0105 staranno\u015bci\u0105 staramy si\u0119 spe\u0142nia\u0107 wszelkie oczekiwania i wymagania Naszych klient\u00f3w.<\/p>\n<\/div><\/div><style type=\"text\/css\">.fusion-body .fusion-builder-column-1{width:66.666666666667% !important;margin-top : 0px;margin-bottom : 20px;}.fusion-builder-column-1 > .fusion-column-wrapper {padding-top : 0px !important;padding-right : 0px !important;margin-right : 2.88%;padding-bottom : 0px !important;padding-left : 0px !important;margin-left : 2.88%;}@media only screen and (max-width:1024px) {.fusion-body .fusion-builder-column-1{width:100% !important;order : 0;}.fusion-builder-column-1 > .fusion-column-wrapper {margin-right : 1.92%;margin-left : 1.92%;}}@media only screen and (max-width:640px) {.fusion-body .fusion-builder-column-1{width:100% !important;order : 0;}.fusion-builder-column-1 > .fusion-column-wrapper {margin-right : 1.92%;margin-left : 1.92%;}}<\/style><\/div><div class=\"fusion-layout-column fusion_builder_column fusion-builder-column-2 fusion_builder_column_1_6 1_6 fusion-flex-column\"><div class=\"fusion-column-wrapper fusion-flex-justify-content-flex-start fusion-content-layout-column\" style=\"background-position:left top;background-repeat:no-repeat;-webkit-background-size:cover;-moz-background-size:cover;-o-background-size:cover;background-size:cover;padding: 0px 0px 0px 0px;\"><\/div><style type=\"text\/css\">.fusion-body .fusion-builder-column-2{width:16.666666666667% !important;margin-top : 0px;margin-bottom : 20px;}.fusion-builder-column-2 > .fusion-column-wrapper {padding-top : 0px !important;padding-right : 0px !important;margin-right : 11.52%;padding-bottom : 0px !important;padding-left : 0px !important;margin-left : 11.52%;}@media only screen and (max-width:1024px) {.fusion-body .fusion-builder-column-2{width:100% !important;order : 0;}.fusion-builder-column-2 > .fusion-column-wrapper {margin-right : 1.92%;margin-left : 1.92%;}}@media only screen and (max-width:640px) {.fusion-body .fusion-builder-column-2{width:100% !important;order : 0;}.fusion-builder-column-2 > .fusion-column-wrapper {margin-right : 1.92%;margin-left : 1.92%;}}<\/style><\/div><\/div><style type=\"text\/css\">.fusion-body .fusion-flex-container.fusion-builder-row-1{ padding-top : 0px;margin-top : 100px;padding-right : 0px;padding-bottom : 0px;margin-bottom : 100px;padding-left : 0px;}<\/style><\/div><div class=\"fusion-fullwidth fullwidth-box fusion-builder-row-2 fusion-flex-container has-pattern-background has-mask-background nonhundred-percent-fullwidth non-hundred-percent-height-scrolling\" style=\"background-color: rgba(255,255,255,0);background-position: center center;background-repeat: no-repeat;border-width: 0px 0px 0px 0px;border-color:#eae9e9;border-style:solid;\" ><div class=\"fusion-builder-row fusion-row fusion-flex-align-items-flex-start\" style=\"max-width:1144px;margin-left: calc(-4% \/ 2 );margin-right: calc(-4% \/ 2 );\"><div class=\"fusion-layout-column fusion_builder_column fusion-builder-column-3 fusion_builder_column_1_1 1_1 fusion-flex-column\"><div class=\"fusion-column-wrapper fusion-flex-justify-content-flex-start fusion-content-layout-column\" style=\"background-position:left top;background-repeat:no-repeat;-webkit-background-size:cover;-moz-background-size:cover;-o-background-size:cover;background-size:cover;padding: 0px 0px 0px 0px;\"><div class=\"fusion-separator fusion-full-width-sep\" style=\"align-self: center;margin-left: auto;margin-right: auto;margin-top:200px;width:100%;\"><\/div><\/div><style type=\"text\/css\">.fusion-body .fusion-builder-column-3{width:100% !important;margin-top : 0px;margin-bottom : 20px;}.fusion-builder-column-3 > .fusion-column-wrapper {padding-top : 0px !important;padding-right : 0px !important;margin-right : 1.92%;padding-bottom : 0px !important;padding-left : 0px !important;margin-left : 1.92%;}@media only screen and (max-width:1024px) {.fusion-body .fusion-builder-column-3{width:100% !important;order : 0;}.fusion-builder-column-3 > .fusion-column-wrapper {margin-right : 1.92%;margin-left : 1.92%;}}@media only screen and (max-width:640px) {.fusion-body .fusion-builder-column-3{width:100% !important;order : 0;}.fusion-builder-column-3 > .fusion-column-wrapper {margin-right : 1.92%;margin-left : 1.92%;}}<\/style><\/div><\/div><style type=\"text\/css\">.fusion-body .fusion-flex-container.fusion-builder-row-2{ padding-top : 0px;margin-top : 0px;padding-right : 0px;padding-bottom : 0px;margin-bottom : 0px;padding-left : 0px;}<\/style><\/div><\/p>\n","protected":false},"excerpt":{"rendered":"","protected":false},"author":1,"featured_media":0,"parent":0,"menu_order":0,"comment_status":"closed","ping_status":"closed","template":"100-width.php","meta":[],"yoast_head":"<!-- This site is optimized with the Yoast SEO plugin v19.11 - https:\/\/yoast.com\/wordpress\/plugins\/seo\/ -->\n<title>Centrum urody Agata Bulek - Zabiegi piel\u0119gnacyjne L\u0119dziny<\/title>\n<meta name=\"description\" content=\"Centrum urody Agata Bulek - Zabiegi kosmetologiczne. L\u0119dziny. 43-143 L\u0119dziny ul. Fredry 6, Zadzwo\u0144 do nas: Telefon: +48 792 072 154\" \/>\n<meta name=\"robots\" content=\"index, follow, max-snippet:-1, max-image-preview:large, max-video-preview:-1\" \/>\n<link rel=\"canonical\" href=\"http:\/\/www.centrum-urody.com\/\" \/>\n<meta property=\"og:locale\" content=\"pl_PL\" \/>\n<meta property=\"og:type\" content=\"article\" \/>\n<meta property=\"og:title\" content=\"Centrum urody Agata Bulek - Zabiegi piel\u0119gnacyjne L\u0119dziny\" \/>\n<meta property=\"og:description\" content=\"Centrum urody Agata Bulek - Zabiegi kosmetologiczne. L\u0119dziny. 43-143 L\u0119dziny ul. Fredry 6, Zadzwo\u0144 do nas: Telefon: +48 792 072 154\" \/>\n<meta property=\"og:url\" content=\"http:\/\/www.centrum-urody.com\/\" \/>\n<meta property=\"og:site_name\" content=\"Centrum Urody\" \/>\n<meta property=\"article:modified_time\" content=\"2022-11-29T18:00:20+00:00\" \/>\n<meta name=\"twitter:card\" content=\"summary_large_image\" \/>\n<meta name=\"twitter:label1\" content=\"Szacowany czas czytania\" \/>\n\t<meta name=\"twitter:data1\" content=\"6 minut\" \/>\n<script type=\"application\/ld+json\" class=\"yoast-schema-graph\">{\"@context\":\"https:\/\/schema.org\",\"@graph\":[{\"@type\":\"WebPage\",\"@id\":\"http:\/\/www.centrum-urody.com\/\",\"url\":\"http:\/\/www.centrum-urody.com\/\",\"name\":\"Centrum urody Agata Bulek - Zabiegi piel\u0119gnacyjne L\u0119dziny\",\"isPartOf\":{\"@id\":\"http:\/\/www.centrum-urody.com\/#website\"},\"datePublished\":\"2017-07-24T10:00:57+00:00\",\"dateModified\":\"2022-11-29T18:00:20+00:00\",\"description\":\"Centrum urody Agata Bulek - Zabiegi kosmetologiczne. L\u0119dziny. 43-143 L\u0119dziny ul. Fredry 6, Zadzwo\u0144 do nas: Telefon: +48 792 072 154\",\"breadcrumb\":{\"@id\":\"http:\/\/www.centrum-urody.com\/#breadcrumb\"},\"inLanguage\":\"pl-PL\",\"potentialAction\":[{\"@type\":\"ReadAction\",\"target\":[\"http:\/\/www.centrum-urody.com\/\"]}]},{\"@type\":\"BreadcrumbList\",\"@id\":\"http:\/\/www.centrum-urody.com\/#breadcrumb\",\"itemListElement\":[{\"@type\":\"ListItem\",\"position\":1,\"name\":\"Strona g\u0142\u00f3wna\",\"item\":\"http:\/\/www.centrum-urody.com\/\"},{\"@type\":\"ListItem\",\"position\":2,\"name\":\"Home\"}]},{\"@type\":\"WebSite\",\"@id\":\"http:\/\/www.centrum-urody.com\/#website\",\"url\":\"http:\/\/www.centrum-urody.com\/\",\"name\":\"Centrum Urody\",\"description\":\"Kolejna witryna oparta na WordPressie\",\"potentialAction\":[{\"@type\":\"SearchAction\",\"target\":{\"@type\":\"EntryPoint\",\"urlTemplate\":\"http:\/\/www.centrum-urody.com\/?s={search_term_string}\"},\"query-input\":\"required name=search_term_string\"}],\"inLanguage\":\"pl-PL\"}]}<\/script>\n<!-- \/ Yoast SEO plugin. -->","yoast_head_json":{"title":"Centrum urody Agata Bulek - Zabiegi piel\u0119gnacyjne L\u0119dziny","description":"Centrum urody Agata Bulek - Zabiegi kosmetologiczne. L\u0119dziny. 43-143 L\u0119dziny ul. Fredry 6, Zadzwo\u0144 do nas: Telefon: +48 792 072 154","robots":{"index":"index","follow":"follow","max-snippet":"max-snippet:-1","max-image-preview":"max-image-preview:large","max-video-preview":"max-video-preview:-1"},"canonical":"http:\/\/www.centrum-urody.com\/","og_locale":"pl_PL","og_type":"article","og_title":"Centrum urody Agata Bulek - Zabiegi piel\u0119gnacyjne L\u0119dziny","og_description":"Centrum urody Agata Bulek - Zabiegi kosmetologiczne. L\u0119dziny. 43-143 L\u0119dziny ul. Fredry 6, Zadzwo\u0144 do nas: Telefon: +48 792 072 154","og_url":"http:\/\/www.centrum-urody.com\/","og_site_name":"Centrum Urody","article_modified_time":"2022-11-29T18:00:20+00:00","twitter_card":"summary_large_image","twitter_misc":{"Szacowany czas czytania":"6 minut"},"schema":{"@context":"https:\/\/schema.org","@graph":[{"@type":"WebPage","@id":"http:\/\/www.centrum-urody.com\/","url":"http:\/\/www.centrum-urody.com\/","name":"Centrum urody Agata Bulek - Zabiegi piel\u0119gnacyjne L\u0119dziny","isPartOf":{"@id":"http:\/\/www.centrum-urody.com\/#website"},"datePublished":"2017-07-24T10:00:57+00:00","dateModified":"2022-11-29T18:00:20+00:00","description":"Centrum urody Agata Bulek - Zabiegi kosmetologiczne. L\u0119dziny. 43-143 L\u0119dziny ul. Fredry 6, Zadzwo\u0144 do nas: Telefon: +48 792 072 154","breadcrumb":{"@id":"http:\/\/www.centrum-urody.com\/#breadcrumb"},"inLanguage":"pl-PL","potentialAction":[{"@type":"ReadAction","target":["http:\/\/www.centrum-urody.com\/"]}]},{"@type":"BreadcrumbList","@id":"http:\/\/www.centrum-urody.com\/#breadcrumb","itemListElement":[{"@type":"ListItem","position":1,"name":"Strona g\u0142\u00f3wna","item":"http:\/\/www.centrum-urody.com\/"},{"@type":"ListItem","position":2,"name":"Home"}]},{"@type":"WebSite","@id":"http:\/\/www.centrum-urody.com\/#website","url":"http:\/\/www.centrum-urody.com\/","name":"Centrum Urody","description":"Kolejna witryna oparta na WordPressie","potentialAction":[{"@type":"SearchAction","target":{"@type":"EntryPoint","urlTemplate":"http:\/\/www.centrum-urody.com\/?s={search_term_string}"},"query-input":"required name=search_term_string"}],"inLanguage":"pl-PL"}]}},"_links":{"self":[{"href":"http:\/\/www.centrum-urody.com\/index.php\/wp-json\/wp\/v2\/pages\/8"}],"collection":[{"href":"http:\/\/www.centrum-urody.com\/index.php\/wp-json\/wp\/v2\/pages"}],"about":[{"href":"http:\/\/www.centrum-urody.com\/index.php\/wp-json\/wp\/v2\/types\/page"}],"author":[{"embeddable":true,"href":"http:\/\/www.centrum-urody.com\/index.php\/wp-json\/wp\/v2\/users\/1"}],"replies":[{"embeddable":true,"href":"http:\/\/www.centrum-urody.com\/index.php\/wp-json\/wp\/v2\/comments?post=8"}],"version-history":[{"count":51,"href":"http:\/\/www.centrum-urody.com\/index.php\/wp-json\/wp\/v2\/pages\/8\/revisions"}],"predecessor-version":[{"id":415,"href":"http:\/\/www.centrum-urody.com\/index.php\/wp-json\/wp\/v2\/pages\/8\/revisions\/415"}],"wp:attachment":[{"href":"http:\/\/www.centrum-urody.com\/index.php\/wp-json\/wp\/v2\/media?parent=8"}],"curies":[{"name":"wp","href":"https:\/\/api.w.org\/{rel}","templated":true}]}}