{"id":180,"date":"2017-08-20T13:38:36","date_gmt":"2017-08-20T11:38:36","guid":{"rendered":"http:\/\/www.centrum-urody.com\/?page_id=180"},"modified":"2022-11-29T19:33:48","modified_gmt":"2022-11-29T18:33:48","slug":"wypelniacz-kwasem-hailurynowym","status":"publish","type":"page","link":"http:\/\/www.centrum-urody.com\/index.php\/galeria\/wypelniacz-kwasem-hailurynowym\/","title":{"rendered":"Wype\u0142niacz kwasem hailuronowym"},"content":{"rendered":"<p><div class=\"fusion-fullwidth fullwidth-box fusion-builder-row-1 hundred-percent-fullwidth non-hundred-percent-height-scrolling\" style=\"background-color: rgba(255,255,255,0);background-position: center center;background-repeat: no-repeat;padding-top:0px;padding-right:0px;padding-bottom:0px;padding-left:0px;margin-bottom: 0px;margin-top: 0px;border-width: 0px 0px 0px 0px;border-color:#eae9e9;border-style:solid;\" ><div class=\"fusion-builder-row fusion-row\"><div class=\"fusion-layout-column fusion_builder_column fusion-builder-column-0 fusion_builder_column_1_1 1_1 fusion-one-full fusion-column-first fusion-column-last\" style=\"margin-top:0px;margin-bottom:0px;\"><div class=\"fusion-column-wrapper fusion-flex-column-wrapper-legacy\" style=\"background-position:left top;background-repeat:no-repeat;-webkit-background-size:cover;-moz-background-size:cover;-o-background-size:cover;background-size:cover;padding: 0px 0px 0px 0px;\"><div class=\"imageframe-align-center\"><span class=\" fusion-imageframe imageframe-none imageframe-1 hover-type-none\"><img width=\"1920\" height=\"500\" title=\"centrum-urody-header1\" src=\"http:\/\/www.centrum-urody.com\/wp-content\/uploads\/2017\/07\/centrum-urody-header1.jpg\" alt class=\"img-responsive wp-image-54\" srcset=\"http:\/\/www.centrum-urody.com\/wp-content\/uploads\/2017\/07\/centrum-urody-header1-200x52.jpg 200w, http:\/\/www.centrum-urody.com\/wp-content\/uploads\/2017\/07\/centrum-urody-header1-400x104.jpg 400w, http:\/\/www.centrum-urody.com\/wp-content\/uploads\/2017\/07\/centrum-urody-header1-600x156.jpg 600w, http:\/\/www.centrum-urody.com\/wp-content\/uploads\/2017\/07\/centrum-urody-header1-800x208.jpg 800w, http:\/\/www.centrum-urody.com\/wp-content\/uploads\/2017\/07\/centrum-urody-header1-1200x313.jpg 1200w, http:\/\/www.centrum-urody.com\/wp-content\/uploads\/2017\/07\/centrum-urody-header1.jpg 1920w\" sizes=\"(max-width: 800px) 100vw, 1200px\" \/><\/span><\/div><div class=\"fusion-clearfix\"><\/div><\/div><\/div><\/div><\/div><div class=\"fusion-fullwidth fullwidth-box fusion-builder-row-2 has-pattern-background has-mask-background nonhundred-percent-fullwidth non-hundred-percent-height-scrolling fusion-equal-height-columns\" style=\"background-color: #ffffff;background-position: center center;background-repeat: no-repeat;padding-top:0px;padding-right:0px;padding-bottom:0px;padding-left:0px;margin-bottom: 0px;margin-top: 0px;border-width: 0px 0px 0px 0px;border-color:#eae9e9;border-style:solid;\" ><div class=\"fusion-builder-row fusion-row\"><div class=\"fusion-layout-column fusion_builder_column fusion-builder-column-1 fusion_builder_column_1_1 1_1 fusion-one-full fusion-column-first fusion-column-last\" style=\"margin-top:0px;margin-bottom:0px;\"><div class=\"fusion-column-wrapper fusion-flex-column-wrapper-legacy\" style=\"background-position:left top;background-repeat:no-repeat;-webkit-background-size:cover;-moz-background-size:cover;-o-background-size:cover;background-size:cover;padding: 0px 0px 0px 0px;\"><div class=\"fusion-sep-clear\"><\/div><div class=\"fusion-separator fusion-full-width-sep\" style=\"margin-left: auto;margin-right: auto;margin-top:20px;width:100%;\"><\/div><div class=\"fusion-sep-clear\"><\/div><style type=\"text\/css\"><\/style><div class=\"fusion-title title fusion-title-1 fusion-title-center fusion-title-text fusion-title-size-two\" style=\"margin-top:0px;margin-right:0px;margin-bottom:31px;margin-left:0px;\"><div class=\"title-sep-container title-sep-container-left\"><div class=\"title-sep sep-single sep-dashed\" style=\"border-color:#e0dede;\"><\/div><\/div><span class=\"awb-title-spacer\"><\/span><h2 class=\"title-heading-center\" style=\"margin:0;\"><p style=\"color: white; text-align: left;\">WYPE\u0141NIACZE KWASEM HIALURONOWYM<\/p><\/h2><span class=\"awb-title-spacer\"><\/span><div class=\"title-sep-container title-sep-container-right\"><div class=\"title-sep sep-single sep-dashed\" style=\"border-color:#e0dede;\"><\/div><\/div><\/div><div class=\"fusion-text fusion-text-1\"><style type=\"text\/css\">\r\n\t#foogallery-gallery-136 .fg-image {\r\n        width: 150px;\r\n    }\r\n<\/style>\r\n\t\t\t\t<div class=\"foogallery foogallery-container foogallery-default foogallery-lightbox-foobox fg-gutter-10 fg-center fg-default fg-light fg-border-thin fg-shadow-outline fg-loading-default fg-loaded-fade-in fg-caption-hover fg-hover-fade fg-hover-zoom fg-ready\" id=\"foogallery-gallery-136\" data-foogallery=\"{&quot;item&quot;:{&quot;showCaptionTitle&quot;:true,&quot;showCaptionDescription&quot;:true},&quot;lazy&quot;:true}\" >\r\n\t<div class=\"fg-item fg-type-image fg-idle\"><figure class=\"fg-item-inner\"><a href=\"http:\/\/www.centrum-urody.com\/wp-content\/uploads\/2017\/08\/centrum-urody-agata-bulek-wypelniacze001.jpg\" data-attachment-id=\"137\" class=\"fg-thumb\"><span class=\"fg-image-wrap\"><img width=\"150\" height=\"150\" class=\"skip-lazy fg-image\" data-src-fg=\"http:\/\/www.centrum-urody.com\/wp-content\/uploads\/cache\/2017\/08\/centrum-urody-agata-bulek-wypelniacze001\/1924426052.jpg\" src=\"data:image\/svg+xml,%3Csvg%20xmlns%3D%22http%3A%2F%2Fwww.w3.org%2F2000%2Fsvg%22%20width%3D%22150%22%20height%3D%22150%22%20viewBox%3D%220%200%20150%20150%22%3E%3C%2Fsvg%3E\" loading=\"eager\"><\/span><span class=\"fg-image-overlay\"><\/span><\/a><figcaption class=\"fg-caption\"><div class=\"fg-caption-inner\"><\/div><\/figcaption><\/figure><div class=\"fg-loader\"><\/div><\/div><div class=\"fg-item fg-type-image fg-idle\"><figure class=\"fg-item-inner\"><a href=\"http:\/\/www.centrum-urody.com\/wp-content\/uploads\/2017\/08\/centrum-urody-agata-bulek-wypelniacze002.jpg\" data-attachment-id=\"138\" class=\"fg-thumb\"><span class=\"fg-image-wrap\"><img width=\"150\" height=\"150\" class=\"skip-lazy fg-image\" data-src-fg=\"http:\/\/www.centrum-urody.com\/wp-content\/uploads\/cache\/2017\/08\/centrum-urody-agata-bulek-wypelniacze002\/1501482588.jpg\" src=\"data:image\/svg+xml,%3Csvg%20xmlns%3D%22http%3A%2F%2Fwww.w3.org%2F2000%2Fsvg%22%20width%3D%22150%22%20height%3D%22150%22%20viewBox%3D%220%200%20150%20150%22%3E%3C%2Fsvg%3E\" loading=\"eager\"><\/span><span class=\"fg-image-overlay\"><\/span><\/a><figcaption class=\"fg-caption\"><div class=\"fg-caption-inner\"><\/div><\/figcaption><\/figure><div class=\"fg-loader\"><\/div><\/div><div class=\"fg-item fg-type-image fg-idle\"><figure class=\"fg-item-inner\"><a href=\"http:\/\/www.centrum-urody.com\/wp-content\/uploads\/2017\/08\/centrum-urody-agata-bulek-wypelniacze003.jpg\" data-attachment-id=\"139\" class=\"fg-thumb\"><span class=\"fg-image-wrap\"><img width=\"150\" height=\"150\" class=\"skip-lazy fg-image\" data-src-fg=\"http:\/\/www.centrum-urody.com\/wp-content\/uploads\/cache\/2017\/08\/centrum-urody-agata-bulek-wypelniacze003\/2329469471.jpg\" src=\"data:image\/svg+xml,%3Csvg%20xmlns%3D%22http%3A%2F%2Fwww.w3.org%2F2000%2Fsvg%22%20width%3D%22150%22%20height%3D%22150%22%20viewBox%3D%220%200%20150%20150%22%3E%3C%2Fsvg%3E\" loading=\"eager\"><\/span><span class=\"fg-image-overlay\"><\/span><\/a><figcaption class=\"fg-caption\"><div class=\"fg-caption-inner\"><\/div><\/figcaption><\/figure><div class=\"fg-loader\"><\/div><\/div><div class=\"fg-item fg-type-image fg-idle\"><figure class=\"fg-item-inner\"><a href=\"http:\/\/www.centrum-urody.com\/wp-content\/uploads\/2017\/08\/centrum-urody-agata-bulek-wypelniacze004.jpg\" data-attachment-id=\"140\" class=\"fg-thumb\"><span class=\"fg-image-wrap\"><img width=\"150\" height=\"150\" class=\"skip-lazy fg-image\" data-src-fg=\"http:\/\/www.centrum-urody.com\/wp-content\/uploads\/cache\/2017\/08\/centrum-urody-agata-bulek-wypelniacze004\/3818112043.jpg\" src=\"data:image\/svg+xml,%3Csvg%20xmlns%3D%22http%3A%2F%2Fwww.w3.org%2F2000%2Fsvg%22%20width%3D%22150%22%20height%3D%22150%22%20viewBox%3D%220%200%20150%20150%22%3E%3C%2Fsvg%3E\" loading=\"eager\"><\/span><span class=\"fg-image-overlay\"><\/span><\/a><figcaption class=\"fg-caption\"><div class=\"fg-caption-inner\"><\/div><\/figcaption><\/figure><div class=\"fg-loader\"><\/div><\/div><div class=\"fg-item fg-type-image fg-idle\"><figure class=\"fg-item-inner\"><a href=\"http:\/\/www.centrum-urody.com\/wp-content\/uploads\/2017\/08\/centrum-urody-agata-bulek-wypelniacze005.jpg\" data-attachment-id=\"141\" class=\"fg-thumb\"><span class=\"fg-image-wrap\"><img width=\"150\" height=\"150\" class=\"skip-lazy fg-image\" data-src-fg=\"http:\/\/www.centrum-urody.com\/wp-content\/uploads\/cache\/2017\/08\/centrum-urody-agata-bulek-wypelniacze005\/808839272.jpg\" src=\"data:image\/svg+xml,%3Csvg%20xmlns%3D%22http%3A%2F%2Fwww.w3.org%2F2000%2Fsvg%22%20width%3D%22150%22%20height%3D%22150%22%20viewBox%3D%220%200%20150%20150%22%3E%3C%2Fsvg%3E\" loading=\"eager\"><\/span><span class=\"fg-image-overlay\"><\/span><\/a><figcaption class=\"fg-caption\"><div class=\"fg-caption-inner\"><\/div><\/figcaption><\/figure><div class=\"fg-loader\"><\/div><\/div><\/div>\r\n\n<\/div><div class=\"fusion-sep-clear\"><\/div><div class=\"fusion-separator fusion-full-width-sep\" style=\"margin-left: auto;margin-right: auto;margin-top:45px;width:100%;\"><\/div><div class=\"fusion-sep-clear\"><\/div><div class=\"fusion-aligncenter\"><style>.fusion-body .fusion-button.button-1 .fusion-button-text,.fusion-body .fusion-button.button-1 i{color:#ffffff;}.fusion-body .fusion-button.button-1{border-color:#ffffff;border-width:1px 1px 1px 1px;border-radius:2px 2px 2px 2px;background:#1d1d25;}.fusion-body .fusion-button.button-1:hover .fusion-button-text,.fusion-body .fusion-button.button-1:hover i,.fusion-body .fusion-button.button-1:focus .fusion-button-text,.fusion-body .fusion-button.button-1:focus i,.fusion-body .fusion-button.button-1:active .fusion-button-text,.fusion-body .fusion-button.button-1:active i{color:#f41000;}.fusion-body .fusion-button.button-1:hover,.fusion-body .fusion-button.button-1:active,.fusion-body .fusion-button.button-1:focus{border-color:#f41000;border-width:1px 1px 1px 1px;background:#1d1d25;}<\/style><a class=\"fusion-button button-flat button-medium button-custom button-1 fusion-button-default-span \" target=\"_self\" href=\"http:\/\/www.centrum-urody.com\/index.php\/galeria\/\"><span class=\"fusion-button-text\">Powr\u00f3t<\/span><\/a><\/div><div class=\"fusion-sep-clear\"><\/div><div class=\"fusion-separator fusion-full-width-sep\" style=\"margin-left: auto;margin-right: auto;margin-top:100px;width:100%;\"><\/div><div class=\"fusion-sep-clear\"><\/div><div class=\"fusion-clearfix\"><\/div><\/div><\/div><\/div><\/div><\/p>\n","protected":false},"excerpt":{"rendered":"","protected":false},"author":1,"featured_media":0,"parent":16,"menu_order":0,"comment_status":"closed","ping_status":"closed","template":"100-width.php","meta":[],"yoast_head":"<!-- This site is optimized with the Yoast SEO plugin v19.11 - https:\/\/yoast.com\/wordpress\/plugins\/seo\/ -->\n<title>Centrum urody Agata Bulek - Zabiegi piel\u0119gnacyjne L\u0119dziny<\/title>\n<meta name=\"description\" content=\"Wype\u0142nianie kwasem hialuronowym - Centrum urody Agata Bulek - Zabiegi kosmetologiczne. L\u0119dziny. 43-143 L\u0119dziny ul. Fredry 6, Telefon: +48 792 072 154\" \/>\n<meta name=\"robots\" content=\"index, follow, max-snippet:-1, max-image-preview:large, max-video-preview:-1\" \/>\n<link rel=\"canonical\" href=\"http:\/\/www.centrum-urody.com\/index.php\/galeria\/wypelniacz-kwasem-hailurynowym\/\" \/>\n<meta property=\"og:locale\" content=\"pl_PL\" \/>\n<meta property=\"og:type\" content=\"article\" \/>\n<meta property=\"og:title\" content=\"Centrum urody Agata Bulek - Zabiegi piel\u0119gnacyjne L\u0119dziny\" \/>\n<meta property=\"og:description\" content=\"Wype\u0142nianie kwasem hialuronowym - Centrum urody Agata Bulek - Zabiegi kosmetologiczne. L\u0119dziny. 43-143 L\u0119dziny ul. Fredry 6, Telefon: +48 792 072 154\" \/>\n<meta property=\"og:url\" content=\"http:\/\/www.centrum-urody.com\/index.php\/galeria\/wypelniacz-kwasem-hailurynowym\/\" \/>\n<meta property=\"og:site_name\" content=\"Centrum Urody\" \/>\n<meta property=\"article:modified_time\" content=\"2022-11-29T18:33:48+00:00\" \/>\n<meta name=\"twitter:card\" content=\"summary_large_image\" \/>\n<meta name=\"twitter:label1\" content=\"Szacowany czas czytania\" \/>\n\t<meta name=\"twitter:data1\" content=\"2 minuty\" \/>\n<script type=\"application\/ld+json\" class=\"yoast-schema-graph\">{\"@context\":\"https:\/\/schema.org\",\"@graph\":[{\"@type\":\"WebPage\",\"@id\":\"http:\/\/www.centrum-urody.com\/index.php\/galeria\/wypelniacz-kwasem-hailurynowym\/\",\"url\":\"http:\/\/www.centrum-urody.com\/index.php\/galeria\/wypelniacz-kwasem-hailurynowym\/\",\"name\":\"Centrum urody Agata Bulek - Zabiegi piel\u0119gnacyjne L\u0119dziny\",\"isPartOf\":{\"@id\":\"http:\/\/www.centrum-urody.com\/#website\"},\"datePublished\":\"2017-08-20T11:38:36+00:00\",\"dateModified\":\"2022-11-29T18:33:48+00:00\",\"description\":\"Wype\u0142nianie kwasem hialuronowym - Centrum urody Agata Bulek - Zabiegi kosmetologiczne. L\u0119dziny. 43-143 L\u0119dziny ul. Fredry 6, Telefon: +48 792 072 154\",\"breadcrumb\":{\"@id\":\"http:\/\/www.centrum-urody.com\/index.php\/galeria\/wypelniacz-kwasem-hailurynowym\/#breadcrumb\"},\"inLanguage\":\"pl-PL\",\"potentialAction\":[{\"@type\":\"ReadAction\",\"target\":[\"http:\/\/www.centrum-urody.com\/index.php\/galeria\/wypelniacz-kwasem-hailurynowym\/\"]}]},{\"@type\":\"BreadcrumbList\",\"@id\":\"http:\/\/www.centrum-urody.com\/index.php\/galeria\/wypelniacz-kwasem-hailurynowym\/#breadcrumb\",\"itemListElement\":[{\"@type\":\"ListItem\",\"position\":1,\"name\":\"Strona g\u0142\u00f3wna\",\"item\":\"http:\/\/www.centrum-urody.com\/\"},{\"@type\":\"ListItem\",\"position\":2,\"name\":\"Galeria\",\"item\":\"http:\/\/www.centrum-urody.com\/index.php\/galeria\/\"},{\"@type\":\"ListItem\",\"position\":3,\"name\":\"Wype\u0142niacz kwasem hailuronowym\"}]},{\"@type\":\"WebSite\",\"@id\":\"http:\/\/www.centrum-urody.com\/#website\",\"url\":\"http:\/\/www.centrum-urody.com\/\",\"name\":\"Centrum Urody\",\"description\":\"Kolejna witryna oparta na WordPressie\",\"potentialAction\":[{\"@type\":\"SearchAction\",\"target\":{\"@type\":\"EntryPoint\",\"urlTemplate\":\"http:\/\/www.centrum-urody.com\/?s={search_term_string}\"},\"query-input\":\"required name=search_term_string\"}],\"inLanguage\":\"pl-PL\"}]}<\/script>\n<!-- \/ Yoast SEO plugin. -->","yoast_head_json":{"title":"Centrum urody Agata Bulek - Zabiegi piel\u0119gnacyjne L\u0119dziny","description":"Wype\u0142nianie kwasem hialuronowym - Centrum urody Agata Bulek - Zabiegi kosmetologiczne. L\u0119dziny. 43-143 L\u0119dziny ul. Fredry 6, Telefon: +48 792 072 154","robots":{"index":"index","follow":"follow","max-snippet":"max-snippet:-1","max-image-preview":"max-image-preview:large","max-video-preview":"max-video-preview:-1"},"canonical":"http:\/\/www.centrum-urody.com\/index.php\/galeria\/wypelniacz-kwasem-hailurynowym\/","og_locale":"pl_PL","og_type":"article","og_title":"Centrum urody Agata Bulek - Zabiegi piel\u0119gnacyjne L\u0119dziny","og_description":"Wype\u0142nianie kwasem hialuronowym - Centrum urody Agata Bulek - Zabiegi kosmetologiczne. L\u0119dziny. 43-143 L\u0119dziny ul. Fredry 6, Telefon: +48 792 072 154","og_url":"http:\/\/www.centrum-urody.com\/index.php\/galeria\/wypelniacz-kwasem-hailurynowym\/","og_site_name":"Centrum Urody","article_modified_time":"2022-11-29T18:33:48+00:00","twitter_card":"summary_large_image","twitter_misc":{"Szacowany czas czytania":"2 minuty"},"schema":{"@context":"https:\/\/schema.org","@graph":[{"@type":"WebPage","@id":"http:\/\/www.centrum-urody.com\/index.php\/galeria\/wypelniacz-kwasem-hailurynowym\/","url":"http:\/\/www.centrum-urody.com\/index.php\/galeria\/wypelniacz-kwasem-hailurynowym\/","name":"Centrum urody Agata Bulek - Zabiegi piel\u0119gnacyjne L\u0119dziny","isPartOf":{"@id":"http:\/\/www.centrum-urody.com\/#website"},"datePublished":"2017-08-20T11:38:36+00:00","dateModified":"2022-11-29T18:33:48+00:00","description":"Wype\u0142nianie kwasem hialuronowym - Centrum urody Agata Bulek - Zabiegi kosmetologiczne. L\u0119dziny. 43-143 L\u0119dziny ul. Fredry 6, Telefon: +48 792 072 154","breadcrumb":{"@id":"http:\/\/www.centrum-urody.com\/index.php\/galeria\/wypelniacz-kwasem-hailurynowym\/#breadcrumb"},"inLanguage":"pl-PL","potentialAction":[{"@type":"ReadAction","target":["http:\/\/www.centrum-urody.com\/index.php\/galeria\/wypelniacz-kwasem-hailurynowym\/"]}]},{"@type":"BreadcrumbList","@id":"http:\/\/www.centrum-urody.com\/index.php\/galeria\/wypelniacz-kwasem-hailurynowym\/#breadcrumb","itemListElement":[{"@type":"ListItem","position":1,"name":"Strona g\u0142\u00f3wna","item":"http:\/\/www.centrum-urody.com\/"},{"@type":"ListItem","position":2,"name":"Galeria","item":"http:\/\/www.centrum-urody.com\/index.php\/galeria\/"},{"@type":"ListItem","position":3,"name":"Wype\u0142niacz kwasem hailuronowym"}]},{"@type":"WebSite","@id":"http:\/\/www.centrum-urody.com\/#website","url":"http:\/\/www.centrum-urody.com\/","name":"Centrum Urody","description":"Kolejna witryna oparta na WordPressie","potentialAction":[{"@type":"SearchAction","target":{"@type":"EntryPoint","urlTemplate":"http:\/\/www.centrum-urody.com\/?s={search_term_string}"},"query-input":"required name=search_term_string"}],"inLanguage":"pl-PL"}]}},"_links":{"self":[{"href":"http:\/\/www.centrum-urody.com\/index.php\/wp-json\/wp\/v2\/pages\/180"}],"collection":[{"href":"http:\/\/www.centrum-urody.com\/index.php\/wp-json\/wp\/v2\/pages"}],"about":[{"href":"http:\/\/www.centrum-urody.com\/index.php\/wp-json\/wp\/v2\/types\/page"}],"author":[{"embeddable":true,"href":"http:\/\/www.centrum-urody.com\/index.php\/wp-json\/wp\/v2\/users\/1"}],"replies":[{"embeddable":true,"href":"http:\/\/www.centrum-urody.com\/index.php\/wp-json\/wp\/v2\/comments?post=180"}],"version-history":[{"count":10,"href":"http:\/\/www.centrum-urody.com\/index.php\/wp-json\/wp\/v2\/pages\/180\/revisions"}],"predecessor-version":[{"id":438,"href":"http:\/\/www.centrum-urody.com\/index.php\/wp-json\/wp\/v2\/pages\/180\/revisions\/438"}],"up":[{"embeddable":true,"href":"http:\/\/www.centrum-urody.com\/index.php\/wp-json\/wp\/v2\/pages\/16"}],"wp:attachment":[{"href":"http:\/\/www.centrum-urody.com\/index.php\/wp-json\/wp\/v2\/media?parent=180"}],"curies":[{"name":"wp","href":"https:\/\/api.w.org\/{rel}","templated":true}]}}