{"id":18,"date":"2017-07-24T12:02:27","date_gmt":"2017-07-24T10:02:27","guid":{"rendered":"http:\/\/www.centrum-urody.com\/?page_id=18"},"modified":"2022-11-29T19:24:15","modified_gmt":"2022-11-29T18:24:15","slug":"aktualnosci","status":"publish","type":"page","link":"http:\/\/www.centrum-urody.com\/index.php\/aktualnosci\/","title":{"rendered":"Aktualno\u015bci"},"content":{"rendered":"<div class=\"fusion-fullwidth fullwidth-box fusion-builder-row-1 has-pattern-background has-mask-background nonhundred-percent-fullwidth non-hundred-percent-height-scrolling\" style=\"background-color: #ffffff;background-position: center center;background-repeat: no-repeat;padding-top:0px;padding-right:0px;padding-bottom:0px;padding-left:0px;margin-bottom: 0px;margin-top: 0px;border-width: 0px 0px 0px 0px;border-color:#eae9e9;border-style:solid;\" ><div class=\"fusion-builder-row fusion-row\"><div class=\"fusion-layout-column fusion_builder_column fusion-builder-column-0 fusion_builder_column_1_1 1_1 fusion-one-full fusion-column-first fusion-column-last\" style=\"margin-top:0px;margin-bottom:20px;\"><div class=\"fusion-column-wrapper fusion-flex-column-wrapper-legacy\" style=\"background-position:left top;background-repeat:no-repeat;-webkit-background-size:cover;-moz-background-size:cover;-o-background-size:cover;background-size:cover;padding: 0px 0px 0px 0px;\"><div class=\"fusion-sep-clear\"><\/div><div class=\"fusion-separator fusion-full-width-sep\" style=\"margin-left: auto;margin-right: auto;margin-top:40px;width:100%;\"><\/div><div class=\"fusion-sep-clear\"><\/div><div class=\"fusion-recent-posts fusion-recent-posts-1 avada-container layout-default layout-columns-3\"><section class=\"fusion-columns columns fusion-columns-3 columns-3\"><article class=\"post fusion-column column col col-lg-4 col-md-4 col-sm-4\"><div class=\"fusion-flexslider fusion-flexslider-loading flexslider flexslider-hover-type-zoomin\"><ul class=\"slides\"><li><a href=\"http:\/\/www.centrum-urody.com\/index.php\/2017\/07\/24\/wpis-1\/\" aria-label=\"Stylistka paznokci poszukiwana od zaraz!\" class=\"hover-type-zoomin\"><img width=\"700\" height=\"441\" src=\"http:\/\/www.centrum-urody.com\/wp-content\/uploads\/2017\/07\/centrum-urody-wpis-700x441.jpg\" class=\"attachment-recent-posts size-recent-posts\" alt=\"\" srcset=\"http:\/\/www.centrum-urody.com\/wp-content\/uploads\/2017\/07\/centrum-urody-wpis-320x202.jpg 320w, http:\/\/www.centrum-urody.com\/wp-content\/uploads\/2017\/07\/centrum-urody-wpis-700x441.jpg 700w\" sizes=\"(max-width: 700px) 100vw, 700px\" \/><\/a><\/li><\/ul><\/div><div class=\"recent-posts-content\"><span class=\"vcard\" style=\"display: none;\"><span class=\"fn\"><a href=\"http:\/\/www.centrum-urody.com\/index.php\/author\/cssmedia\/\" title=\"Wpisy od cssmedia\" rel=\"author\">cssmedia<\/a><\/span><\/span><span class=\"updated\" style=\"display:none;\">2017-09-01T09:28:14+02:00<\/span><h4 class=\"entry-title\"><a href=\"http:\/\/www.centrum-urody.com\/index.php\/2017\/07\/24\/wpis-1\/\">Stylistka paznokci poszukiwana od zaraz!<\/a><\/h4><p>Zatrudnimy Stylistk\u0119 paznokci. Gwarantujemy prac\u0119 w mi\u0142ej atmosferze oraz ci\u0105g\u0142y rozw\u00f3j. Praca na ca\u0142y lub p\u00f3\u0142 etatu. WYMAGANIA:\u00a0 - manicure \/ pedicure hybrydowy, - metoda \u017celowa (przed\u0142u\u017canie na formie), - zdobnictwo (doszkolimy), - dyspozycyjno\u015b\u0107, - [...]<\/p><\/div><\/article><\/section><\/div><div class=\"fusion-clearfix\"><\/div><\/div><\/div><\/div><\/div>\n","protected":false},"excerpt":{"rendered":"","protected":false},"author":1,"featured_media":0,"parent":0,"menu_order":0,"comment_status":"closed","ping_status":"closed","template":"100-width.php","meta":[],"yoast_head":"<!-- This site is optimized with the Yoast SEO plugin v19.11 - https:\/\/yoast.com\/wordpress\/plugins\/seo\/ -->\n<title>Aktualno\u015bci Centrum urody Agata Bulek - Zabiegi piel\u0119gnacyjne L\u0119dziny<\/title>\n<meta name=\"description\" content=\"Aktualno\u015bci Centrum urody Agata Bulek - Zabiegi kosmetologiczne. L\u0119dziny. 43-143 L\u0119dziny ul. Fredry 6, Zadzwo\u0144 do nas: Telefon: +48 792 072 154\" \/>\n<meta name=\"robots\" content=\"index, follow, max-snippet:-1, max-image-preview:large, max-video-preview:-1\" \/>\n<link rel=\"canonical\" href=\"http:\/\/www.centrum-urody.com\/index.php\/aktualnosci\/\" \/>\n<meta property=\"og:locale\" content=\"pl_PL\" \/>\n<meta property=\"og:type\" content=\"article\" \/>\n<meta property=\"og:title\" content=\"Aktualno\u015bci Centrum urody Agata Bulek - Zabiegi piel\u0119gnacyjne L\u0119dziny\" \/>\n<meta property=\"og:description\" content=\"Aktualno\u015bci Centrum urody Agata Bulek - Zabiegi kosmetologiczne. L\u0119dziny. 43-143 L\u0119dziny ul. Fredry 6, Zadzwo\u0144 do nas: Telefon: +48 792 072 154\" \/>\n<meta property=\"og:url\" content=\"http:\/\/www.centrum-urody.com\/index.php\/aktualnosci\/\" \/>\n<meta property=\"og:site_name\" content=\"Centrum Urody\" \/>\n<meta property=\"article:modified_time\" content=\"2022-11-29T18:24:15+00:00\" \/>\n<meta name=\"twitter:card\" content=\"summary_large_image\" \/>\n<meta name=\"twitter:label1\" content=\"Szacowany czas czytania\" \/>\n\t<meta name=\"twitter:data1\" content=\"1 minuta\" \/>\n<script type=\"application\/ld+json\" class=\"yoast-schema-graph\">{\"@context\":\"https:\/\/schema.org\",\"@graph\":[{\"@type\":\"WebPage\",\"@id\":\"http:\/\/www.centrum-urody.com\/index.php\/aktualnosci\/\",\"url\":\"http:\/\/www.centrum-urody.com\/index.php\/aktualnosci\/\",\"name\":\"Aktualno\u015bci Centrum urody Agata Bulek - Zabiegi piel\u0119gnacyjne L\u0119dziny\",\"isPartOf\":{\"@id\":\"http:\/\/www.centrum-urody.com\/#website\"},\"datePublished\":\"2017-07-24T10:02:27+00:00\",\"dateModified\":\"2022-11-29T18:24:15+00:00\",\"description\":\"Aktualno\u015bci Centrum urody Agata Bulek - Zabiegi kosmetologiczne. L\u0119dziny. 43-143 L\u0119dziny ul. Fredry 6, Zadzwo\u0144 do nas: Telefon: +48 792 072 154\",\"breadcrumb\":{\"@id\":\"http:\/\/www.centrum-urody.com\/index.php\/aktualnosci\/#breadcrumb\"},\"inLanguage\":\"pl-PL\",\"potentialAction\":[{\"@type\":\"ReadAction\",\"target\":[\"http:\/\/www.centrum-urody.com\/index.php\/aktualnosci\/\"]}]},{\"@type\":\"BreadcrumbList\",\"@id\":\"http:\/\/www.centrum-urody.com\/index.php\/aktualnosci\/#breadcrumb\",\"itemListElement\":[{\"@type\":\"ListItem\",\"position\":1,\"name\":\"Strona g\u0142\u00f3wna\",\"item\":\"http:\/\/www.centrum-urody.com\/\"},{\"@type\":\"ListItem\",\"position\":2,\"name\":\"Aktualno\u015bci\"}]},{\"@type\":\"WebSite\",\"@id\":\"http:\/\/www.centrum-urody.com\/#website\",\"url\":\"http:\/\/www.centrum-urody.com\/\",\"name\":\"Centrum Urody\",\"description\":\"Kolejna witryna oparta na WordPressie\",\"potentialAction\":[{\"@type\":\"SearchAction\",\"target\":{\"@type\":\"EntryPoint\",\"urlTemplate\":\"http:\/\/www.centrum-urody.com\/?s={search_term_string}\"},\"query-input\":\"required name=search_term_string\"}],\"inLanguage\":\"pl-PL\"}]}<\/script>\n<!-- \/ Yoast SEO plugin. -->","yoast_head_json":{"title":"Aktualno\u015bci Centrum urody Agata Bulek - Zabiegi piel\u0119gnacyjne L\u0119dziny","description":"Aktualno\u015bci Centrum urody Agata Bulek - Zabiegi kosmetologiczne. L\u0119dziny. 43-143 L\u0119dziny ul. Fredry 6, Zadzwo\u0144 do nas: Telefon: +48 792 072 154","robots":{"index":"index","follow":"follow","max-snippet":"max-snippet:-1","max-image-preview":"max-image-preview:large","max-video-preview":"max-video-preview:-1"},"canonical":"http:\/\/www.centrum-urody.com\/index.php\/aktualnosci\/","og_locale":"pl_PL","og_type":"article","og_title":"Aktualno\u015bci Centrum urody Agata Bulek - Zabiegi piel\u0119gnacyjne L\u0119dziny","og_description":"Aktualno\u015bci Centrum urody Agata Bulek - Zabiegi kosmetologiczne. L\u0119dziny. 43-143 L\u0119dziny ul. Fredry 6, Zadzwo\u0144 do nas: Telefon: +48 792 072 154","og_url":"http:\/\/www.centrum-urody.com\/index.php\/aktualnosci\/","og_site_name":"Centrum Urody","article_modified_time":"2022-11-29T18:24:15+00:00","twitter_card":"summary_large_image","twitter_misc":{"Szacowany czas czytania":"1 minuta"},"schema":{"@context":"https:\/\/schema.org","@graph":[{"@type":"WebPage","@id":"http:\/\/www.centrum-urody.com\/index.php\/aktualnosci\/","url":"http:\/\/www.centrum-urody.com\/index.php\/aktualnosci\/","name":"Aktualno\u015bci Centrum urody Agata Bulek - Zabiegi piel\u0119gnacyjne L\u0119dziny","isPartOf":{"@id":"http:\/\/www.centrum-urody.com\/#website"},"datePublished":"2017-07-24T10:02:27+00:00","dateModified":"2022-11-29T18:24:15+00:00","description":"Aktualno\u015bci Centrum urody Agata Bulek - Zabiegi kosmetologiczne. L\u0119dziny. 43-143 L\u0119dziny ul. Fredry 6, Zadzwo\u0144 do nas: Telefon: +48 792 072 154","breadcrumb":{"@id":"http:\/\/www.centrum-urody.com\/index.php\/aktualnosci\/#breadcrumb"},"inLanguage":"pl-PL","potentialAction":[{"@type":"ReadAction","target":["http:\/\/www.centrum-urody.com\/index.php\/aktualnosci\/"]}]},{"@type":"BreadcrumbList","@id":"http:\/\/www.centrum-urody.com\/index.php\/aktualnosci\/#breadcrumb","itemListElement":[{"@type":"ListItem","position":1,"name":"Strona g\u0142\u00f3wna","item":"http:\/\/www.centrum-urody.com\/"},{"@type":"ListItem","position":2,"name":"Aktualno\u015bci"}]},{"@type":"WebSite","@id":"http:\/\/www.centrum-urody.com\/#website","url":"http:\/\/www.centrum-urody.com\/","name":"Centrum Urody","description":"Kolejna witryna oparta na WordPressie","potentialAction":[{"@type":"SearchAction","target":{"@type":"EntryPoint","urlTemplate":"http:\/\/www.centrum-urody.com\/?s={search_term_string}"},"query-input":"required name=search_term_string"}],"inLanguage":"pl-PL"}]}},"_links":{"self":[{"href":"http:\/\/www.centrum-urody.com\/index.php\/wp-json\/wp\/v2\/pages\/18"}],"collection":[{"href":"http:\/\/www.centrum-urody.com\/index.php\/wp-json\/wp\/v2\/pages"}],"about":[{"href":"http:\/\/www.centrum-urody.com\/index.php\/wp-json\/wp\/v2\/types\/page"}],"author":[{"embeddable":true,"href":"http:\/\/www.centrum-urody.com\/index.php\/wp-json\/wp\/v2\/users\/1"}],"replies":[{"embeddable":true,"href":"http:\/\/www.centrum-urody.com\/index.php\/wp-json\/wp\/v2\/comments?post=18"}],"version-history":[{"count":12,"href":"http:\/\/www.centrum-urody.com\/index.php\/wp-json\/wp\/v2\/pages\/18\/revisions"}],"predecessor-version":[{"id":429,"href":"http:\/\/www.centrum-urody.com\/index.php\/wp-json\/wp\/v2\/pages\/18\/revisions\/429"}],"wp:attachment":[{"href":"http:\/\/www.centrum-urody.com\/index.php\/wp-json\/wp\/v2\/media?parent=18"}],"curies":[{"name":"wp","href":"https:\/\/api.w.org\/{rel}","templated":true}]}}