{"id":16,"date":"2017-07-24T12:02:15","date_gmt":"2017-07-24T10:02:15","guid":{"rendered":"http:\/\/www.centrum-urody.com\/?page_id=16"},"modified":"2022-11-29T19:28:46","modified_gmt":"2022-11-29T18:28:46","slug":"galeria","status":"publish","type":"page","link":"http:\/\/www.centrum-urody.com\/index.php\/galeria\/","title":{"rendered":"Galeria"},"content":{"rendered":"<div class=\"fusion-fullwidth fullwidth-box fusion-builder-row-1 has-pattern-background has-mask-background nonhundred-percent-fullwidth non-hundred-percent-height-scrolling\" style=\"background-color: #ffffff;background-position: center center;background-repeat: no-repeat;padding-top:0px;padding-right:0px;padding-bottom:0px;padding-left:0px;margin-bottom: 0px;margin-top: 0px;border-width: 0px 0px 0px 0px;border-color:#eae9e9;border-style:solid;\" ><div class=\"fusion-builder-row fusion-row\"><div class=\"fusion-layout-column fusion_builder_column fusion-builder-column-0 fusion_builder_column_1_1 1_1 fusion-one-full fusion-column-first fusion-column-last\" style=\"margin-top:0px;margin-bottom:0px;\"><div class=\"fusion-column-wrapper fusion-flex-column-wrapper-legacy\" style=\"background-position:left top;background-repeat:no-repeat;-webkit-background-size:cover;-moz-background-size:cover;-o-background-size:cover;background-size:cover;padding: 0px 0px 0px 0px;\"><div class=\"fusion-sep-clear\"><\/div><div class=\"fusion-separator fusion-full-width-sep\" style=\"margin-left: auto;margin-right: auto;margin-top:40px;width:100%;\"><\/div><div class=\"fusion-sep-clear\"><\/div><style type=\"text\/css\"><\/style><div class=\"fusion-title title fusion-title-1 sep-underline sep-dashed fusion-title-center fusion-title-text fusion-title-size-one\" style=\"border-bottom-color:#e0dede;margin-top:0px;margin-right:0px;margin-bottom:31px;margin-left:0px;\"><h1 class=\"title-heading-center\" style=\"margin:0;\"><span style=\"color: #ffffff;\">GALERIA ZDJ\u0118\u0106<\/span><\/h1><\/div><div class=\"fusion-clearfix\"><\/div><\/div><\/div><div class=\"fusion-layout-column fusion_builder_column fusion-builder-column-1 fusion_builder_column_1_2 1_2 fusion-one-half fusion-column-first fusion-animated\" style=\"width:50%;width:calc(50% - ( ( 4px ) * 0.5 ) );margin-right: 4px;margin-top:0px;margin-bottom:0px;\" data-animationType=\"slideInLeft\" data-animationDuration=\"0.3\" data-animationOffset=\"top-into-view\"><div class=\"fusion-column-wrapper fusion-flex-column-wrapper-legacy\" style=\"background-position:left top;background-repeat:no-repeat;-webkit-background-size:cover;-moz-background-size:cover;-o-background-size:cover;background-size:cover;padding: 0px 0px 0px 0px;\"><div class=\"imageframe-align-center\"><div class=\"awb-image-frame awb-image-frame-1 imageframe-liftup\"><span class=\" fusion-imageframe imageframe-none imageframe-1\" style=\"border:1px solid #ffffff;\"><a class=\"fusion-no-lightbox\" href=\"http:\/\/www.centrum-urody.com\/index.php\/galeria\/paznokcie\/\" target=\"_self\" aria-label=\"centrum-urody-agata-bulek-galeria-paznokcie\"><img width=\"575\" height=\"350\" alt=\"Paznokcie\" src=\"http:\/\/www.centrum-urody.com\/wp-content\/uploads\/2017\/07\/centrum-urody-agata-bulek-galeria-paznokcie.jpg\" class=\"img-responsive wp-image-297\" srcset=\"http:\/\/www.centrum-urody.com\/wp-content\/uploads\/2017\/07\/centrum-urody-agata-bulek-galeria-paznokcie-200x122.jpg 200w, http:\/\/www.centrum-urody.com\/wp-content\/uploads\/2017\/07\/centrum-urody-agata-bulek-galeria-paznokcie-400x243.jpg 400w, http:\/\/www.centrum-urody.com\/wp-content\/uploads\/2017\/07\/centrum-urody-agata-bulek-galeria-paznokcie.jpg 575w\" sizes=\"(max-width: 800px) 100vw, 575px\" \/><\/a><\/span><\/div><\/div><div class=\"fusion-sep-clear\"><\/div><div class=\"fusion-separator fusion-full-width-sep\" style=\"margin-left: auto;margin-right: auto;margin-top:10px;width:100%;\"><\/div><div class=\"fusion-sep-clear\"><\/div><div class=\"fusion-text fusion-text-1\"><h2 style=\"text-align: center;\"><a href=\"http:\/\/www.centrum-urody.com\/index.php\/galeria\/paznokcie\/\"><span style=\"color: #ffffff;\">PAZNOKCIE<\/span><\/a><\/h2>\n<\/div><div class=\"fusion-clearfix\"><\/div><\/div><\/div><div class=\"fusion-layout-column fusion_builder_column fusion-builder-column-2 fusion_builder_column_1_2 1_2 fusion-one-half fusion-column-last fusion-animated\" style=\"width:50%;width:calc(50% - ( ( 4px ) * 0.5 ) );margin-top:0px;margin-bottom:0px;\" data-animationType=\"slideInLeft\" data-animationDuration=\"0.6\" data-animationOffset=\"top-into-view\"><div class=\"fusion-column-wrapper fusion-flex-column-wrapper-legacy\" style=\"background-position:left top;background-repeat:no-repeat;-webkit-background-size:cover;-moz-background-size:cover;-o-background-size:cover;background-size:cover;padding: 0px 0px 0px 0px;\"><div class=\"imageframe-align-center\"><div class=\"awb-image-frame awb-image-frame-2 imageframe-liftup\"><span class=\" fusion-imageframe imageframe-none imageframe-2\" style=\"border:1px solid #ffffff;\"><a class=\"fusion-no-lightbox\" href=\"http:\/\/www.centrum-urody.com\/index.php\/galeria\/rzesy\/\" target=\"_self\" aria-label=\"centrum-urody-agata-bulek-galeria-rzesy\"><img width=\"575\" height=\"350\" alt=\"Rz\u0119sy\" src=\"http:\/\/www.centrum-urody.com\/wp-content\/uploads\/2017\/07\/centrum-urody-agata-bulek-galeria-rzesy.jpg\" class=\"img-responsive wp-image-298\" srcset=\"http:\/\/www.centrum-urody.com\/wp-content\/uploads\/2017\/07\/centrum-urody-agata-bulek-galeria-rzesy-200x122.jpg 200w, http:\/\/www.centrum-urody.com\/wp-content\/uploads\/2017\/07\/centrum-urody-agata-bulek-galeria-rzesy-400x243.jpg 400w, http:\/\/www.centrum-urody.com\/wp-content\/uploads\/2017\/07\/centrum-urody-agata-bulek-galeria-rzesy.jpg 575w\" sizes=\"(max-width: 800px) 100vw, 575px\" \/><\/a><\/span><\/div><\/div><div class=\"fusion-sep-clear\"><\/div><div class=\"fusion-separator fusion-full-width-sep\" style=\"margin-left: auto;margin-right: auto;margin-top:10px;width:100%;\"><\/div><div class=\"fusion-sep-clear\"><\/div><div class=\"fusion-text fusion-text-2\"><h2 style=\"text-align: center;\"><a href=\"http:\/\/www.centrum-urody.com\/index.php\/galeria\/rzesy\/\"><span style=\"color: #ffffff;\">RZ\u0118SY<\/span><\/a><\/h2>\n<\/div><div class=\"fusion-clearfix\"><\/div><\/div><\/div><div class=\"fusion-layout-column fusion_builder_column fusion-builder-column-3 fusion_builder_column_1_2 1_2 fusion-one-half fusion-column-first fusion-animated\" style=\"width:50%;width:calc(50% - ( ( 4px ) * 0.5 ) );margin-right: 4px;margin-top:0px;margin-bottom:0px;\" data-animationType=\"slideInLeft\" data-animationDuration=\"0.4\" data-animationOffset=\"top-into-view\"><div class=\"fusion-column-wrapper fusion-flex-column-wrapper-legacy\" style=\"background-position:left top;background-repeat:no-repeat;-webkit-background-size:cover;-moz-background-size:cover;-o-background-size:cover;background-size:cover;padding: 0px 0px 0px 0px;\"><div class=\"imageframe-align-center\"><div class=\"awb-image-frame awb-image-frame-3 imageframe-liftup\"><span class=\" fusion-imageframe imageframe-none imageframe-3\" style=\"border:1px solid #ffffff;\"><a class=\"fusion-no-lightbox\" href=\"http:\/\/www.centrum-urody.com\/index.php\/galeria\/wypelniacz-kwasem-hailurynowym\/\" target=\"_self\" aria-label=\"centrum-urody-agata-bulek-galeria-kwas-hialurynowy\"><img width=\"575\" height=\"350\" alt=\"Wype\u0142nianie kwasem hialurynowym\" src=\"http:\/\/www.centrum-urody.com\/wp-content\/uploads\/2017\/07\/centrum-urody-agata-bulek-galeria-kwas-hialurynowy.jpg\" class=\"img-responsive wp-image-295\" srcset=\"http:\/\/www.centrum-urody.com\/wp-content\/uploads\/2017\/07\/centrum-urody-agata-bulek-galeria-kwas-hialurynowy-200x122.jpg 200w, http:\/\/www.centrum-urody.com\/wp-content\/uploads\/2017\/07\/centrum-urody-agata-bulek-galeria-kwas-hialurynowy-400x243.jpg 400w, http:\/\/www.centrum-urody.com\/wp-content\/uploads\/2017\/07\/centrum-urody-agata-bulek-galeria-kwas-hialurynowy.jpg 575w\" sizes=\"(max-width: 800px) 100vw, 575px\" \/><\/a><\/span><\/div><\/div><div class=\"fusion-sep-clear\"><\/div><div class=\"fusion-separator fusion-full-width-sep\" style=\"margin-left: auto;margin-right: auto;margin-top:10px;width:100%;\"><\/div><div class=\"fusion-sep-clear\"><\/div><div class=\"fusion-text fusion-text-3\"><h2 style=\"text-align: center;\"><a href=\"http:\/\/www.centrum-urody.com\/index.php\/galeria\/wypelniacz-kwasem-hailurynowym\/\"><span style=\"color: #ffffff;\">WYPE\u0141NIANIE KWASEM HIALURONOWYM<\/span><\/a><\/h2>\n<\/div><div class=\"fusion-clearfix\"><\/div><\/div><\/div><div class=\"fusion-layout-column fusion_builder_column fusion-builder-column-4 fusion_builder_column_1_2 1_2 fusion-one-half fusion-column-last fusion-animated\" style=\"width:50%;width:calc(50% - ( ( 4px ) * 0.5 ) );margin-top:0px;margin-bottom:0px;\" data-animationType=\"slideInLeft\" data-animationDuration=\"0.7\" data-animationOffset=\"top-into-view\"><div class=\"fusion-column-wrapper fusion-flex-column-wrapper-legacy\" style=\"background-position:left top;background-repeat:no-repeat;-webkit-background-size:cover;-moz-background-size:cover;-o-background-size:cover;background-size:cover;padding: 0px 0px 0px 0px;\"><div class=\"imageframe-align-center\"><div class=\"awb-image-frame awb-image-frame-4 imageframe-liftup\"><span class=\" fusion-imageframe imageframe-none imageframe-4\" style=\"border:1px solid #ffffff;\"><a class=\"fusion-no-lightbox\" href=\"http:\/\/www.centrum-urody.com\/index.php\/galeria\/makijaz-pernamentny\/\" target=\"_self\" aria-label=\"centrum-urody-agata-bulek-galeria-makijaz-pernamentny\"><img width=\"575\" height=\"350\" alt=\"Makija\u017c pernamentny\" src=\"http:\/\/www.centrum-urody.com\/wp-content\/uploads\/2017\/07\/centrum-urody-agata-bulek-galeria-makijaz-pernamentny.jpg\" class=\"img-responsive wp-image-296\" srcset=\"http:\/\/www.centrum-urody.com\/wp-content\/uploads\/2017\/07\/centrum-urody-agata-bulek-galeria-makijaz-pernamentny-200x122.jpg 200w, http:\/\/www.centrum-urody.com\/wp-content\/uploads\/2017\/07\/centrum-urody-agata-bulek-galeria-makijaz-pernamentny-400x243.jpg 400w, http:\/\/www.centrum-urody.com\/wp-content\/uploads\/2017\/07\/centrum-urody-agata-bulek-galeria-makijaz-pernamentny.jpg 575w\" sizes=\"(max-width: 800px) 100vw, 575px\" \/><\/a><\/span><\/div><\/div><div class=\"fusion-sep-clear\"><\/div><div class=\"fusion-separator fusion-full-width-sep\" style=\"margin-left: auto;margin-right: auto;margin-top:10px;width:100%;\"><\/div><div class=\"fusion-sep-clear\"><\/div><div class=\"fusion-text fusion-text-4\"><h2 style=\"text-align: center;\"><a href=\"http:\/\/www.centrum-urody.com\/index.php\/galeria\/makijaz-pernamentny\/\"><span style=\"color: #ffffff;\">MAKIJA\u017b PERMANENTNY<\/span><\/a><\/h2>\n<\/div><div class=\"fusion-clearfix\"><\/div><\/div><\/div><div class=\"fusion-layout-column fusion_builder_column fusion-builder-column-5 fusion_builder_column_1_2 1_2 fusion-one-half fusion-column-first fusion-animated\" style=\"width:50%;width:calc(50% - ( ( 4px ) * 0.5 ) );margin-right: 4px;margin-top:0px;margin-bottom:0px;\" data-animationType=\"slideInLeft\" data-animationDuration=\"0.4\" data-animationOffset=\"top-into-view\"><div class=\"fusion-column-wrapper fusion-flex-column-wrapper-legacy\" style=\"background-position:left top;background-repeat:no-repeat;-webkit-background-size:cover;-moz-background-size:cover;-o-background-size:cover;background-size:cover;padding: 0px 0px 0px 0px;\"><div class=\"imageframe-align-center\"><div class=\"awb-image-frame awb-image-frame-5 imageframe-liftup\"><span class=\" fusion-imageframe imageframe-none imageframe-5\" style=\"border:1px solid #ffffff;\"><a class=\"fusion-no-lightbox\" href=\"http:\/\/www.centrum-urody.com\/index.php\/galeria\/makijaze\/\" target=\"_self\" aria-label=\"centrum-urody-agata-bulek-galeria-makijaze\"><img width=\"575\" height=\"350\" alt=\"Makija\u017c pernamentny\" src=\"http:\/\/www.centrum-urody.com\/wp-content\/uploads\/2017\/08\/centrum-urody-agata-bulek-galeria-makijaze.jpg\" class=\"img-responsive wp-image-367\" srcset=\"http:\/\/www.centrum-urody.com\/wp-content\/uploads\/2017\/08\/centrum-urody-agata-bulek-galeria-makijaze-200x122.jpg 200w, http:\/\/www.centrum-urody.com\/wp-content\/uploads\/2017\/08\/centrum-urody-agata-bulek-galeria-makijaze-400x243.jpg 400w, http:\/\/www.centrum-urody.com\/wp-content\/uploads\/2017\/08\/centrum-urody-agata-bulek-galeria-makijaze.jpg 575w\" sizes=\"(max-width: 800px) 100vw, 575px\" \/><\/a><\/span><\/div><\/div><div class=\"fusion-sep-clear\"><\/div><div class=\"fusion-separator fusion-full-width-sep\" style=\"margin-left: auto;margin-right: auto;margin-top:10px;width:100%;\"><\/div><div class=\"fusion-sep-clear\"><\/div><div class=\"fusion-text fusion-text-5\"><h2 style=\"text-align: center;\"><a href=\"http:\/\/www.centrum-urody.com\/index.php\/galeria\/makijaze\/\"><span style=\"color: #ffffff;\">MAKIJA\u017bE<\/span><\/a><\/h2>\n<\/div><div class=\"fusion-clearfix\"><\/div><\/div><\/div><div class=\"fusion-layout-column fusion_builder_column fusion-builder-column-6 fusion_builder_column_1_2 1_2 fusion-one-half fusion-column-last fusion-animated\" style=\"width:50%;width:calc(50% - ( ( 4px ) * 0.5 ) );margin-top:0px;margin-bottom:0px;\" data-animationType=\"slideInLeft\" data-animationDuration=\"0.4\" data-animationOffset=\"top-into-view\"><div class=\"fusion-column-wrapper fusion-flex-column-wrapper-legacy\" style=\"background-position:left top;background-repeat:no-repeat;-webkit-background-size:cover;-moz-background-size:cover;-o-background-size:cover;background-size:cover;padding: 0px 0px 0px 0px;\"><div class=\"fusion-clearfix\"><\/div><\/div><\/div><div class=\"fusion-layout-column fusion_builder_column fusion-builder-column-7 fusion_builder_column_1_1 1_1 fusion-one-full fusion-column-first fusion-column-last\" style=\"margin-top:0px;margin-bottom:20px;\"><div class=\"fusion-column-wrapper fusion-flex-column-wrapper-legacy\" style=\"background-position:left top;background-repeat:no-repeat;-webkit-background-size:cover;-moz-background-size:cover;-o-background-size:cover;background-size:cover;padding: 0px 0px 0px 0px;\"><div class=\"fusion-sep-clear\"><\/div><div class=\"fusion-separator fusion-full-width-sep\" style=\"margin-left: auto;margin-right: auto;margin-top:40px;width:100%;\"><\/div><div class=\"fusion-sep-clear\"><\/div><div class=\"fusion-clearfix\"><\/div><\/div><\/div><\/div><\/div>\n","protected":false},"excerpt":{"rendered":"","protected":false},"author":1,"featured_media":0,"parent":0,"menu_order":0,"comment_status":"closed","ping_status":"closed","template":"100-width.php","meta":[],"yoast_head":"<!-- This site is optimized with the Yoast SEO plugin v19.11 - https:\/\/yoast.com\/wordpress\/plugins\/seo\/ -->\n<title>Galeria Centrum urody Agata Bulek - Zabiegi piel\u0119gnacyjne L\u0119dziny<\/title>\n<meta name=\"description\" content=\"Galeria Centrum urody Agata Bulek - Zabiegi kosmetologiczne. L\u0119dziny. 43-143 L\u0119dziny ul. Fredry 6, Zadzwo\u0144 do nas: Telefon: +48 792 072 154\" \/>\n<meta name=\"robots\" content=\"index, follow, max-snippet:-1, max-image-preview:large, max-video-preview:-1\" \/>\n<link rel=\"canonical\" href=\"http:\/\/www.centrum-urody.com\/index.php\/galeria\/\" \/>\n<meta property=\"og:locale\" content=\"pl_PL\" \/>\n<meta property=\"og:type\" content=\"article\" \/>\n<meta property=\"og:title\" content=\"Galeria Centrum urody Agata Bulek - Zabiegi piel\u0119gnacyjne L\u0119dziny\" \/>\n<meta property=\"og:description\" content=\"Galeria Centrum urody Agata Bulek - Zabiegi kosmetologiczne. L\u0119dziny. 43-143 L\u0119dziny ul. Fredry 6, Zadzwo\u0144 do nas: Telefon: +48 792 072 154\" \/>\n<meta property=\"og:url\" content=\"http:\/\/www.centrum-urody.com\/index.php\/galeria\/\" \/>\n<meta property=\"og:site_name\" content=\"Centrum Urody\" \/>\n<meta property=\"article:modified_time\" content=\"2022-11-29T18:28:46+00:00\" \/>\n<meta name=\"twitter:card\" content=\"summary_large_image\" \/>\n<meta name=\"twitter:label1\" content=\"Szacowany czas czytania\" \/>\n\t<meta name=\"twitter:data1\" content=\"4 minuty\" \/>\n<script type=\"application\/ld+json\" class=\"yoast-schema-graph\">{\"@context\":\"https:\/\/schema.org\",\"@graph\":[{\"@type\":\"WebPage\",\"@id\":\"http:\/\/www.centrum-urody.com\/index.php\/galeria\/\",\"url\":\"http:\/\/www.centrum-urody.com\/index.php\/galeria\/\",\"name\":\"Galeria Centrum urody Agata Bulek - Zabiegi piel\u0119gnacyjne L\u0119dziny\",\"isPartOf\":{\"@id\":\"http:\/\/www.centrum-urody.com\/#website\"},\"datePublished\":\"2017-07-24T10:02:15+00:00\",\"dateModified\":\"2022-11-29T18:28:46+00:00\",\"description\":\"Galeria Centrum urody Agata Bulek - Zabiegi kosmetologiczne. L\u0119dziny. 43-143 L\u0119dziny ul. Fredry 6, Zadzwo\u0144 do nas: Telefon: +48 792 072 154\",\"breadcrumb\":{\"@id\":\"http:\/\/www.centrum-urody.com\/index.php\/galeria\/#breadcrumb\"},\"inLanguage\":\"pl-PL\",\"potentialAction\":[{\"@type\":\"ReadAction\",\"target\":[\"http:\/\/www.centrum-urody.com\/index.php\/galeria\/\"]}]},{\"@type\":\"BreadcrumbList\",\"@id\":\"http:\/\/www.centrum-urody.com\/index.php\/galeria\/#breadcrumb\",\"itemListElement\":[{\"@type\":\"ListItem\",\"position\":1,\"name\":\"Strona g\u0142\u00f3wna\",\"item\":\"http:\/\/www.centrum-urody.com\/\"},{\"@type\":\"ListItem\",\"position\":2,\"name\":\"Galeria\"}]},{\"@type\":\"WebSite\",\"@id\":\"http:\/\/www.centrum-urody.com\/#website\",\"url\":\"http:\/\/www.centrum-urody.com\/\",\"name\":\"Centrum Urody\",\"description\":\"Kolejna witryna oparta na WordPressie\",\"potentialAction\":[{\"@type\":\"SearchAction\",\"target\":{\"@type\":\"EntryPoint\",\"urlTemplate\":\"http:\/\/www.centrum-urody.com\/?s={search_term_string}\"},\"query-input\":\"required name=search_term_string\"}],\"inLanguage\":\"pl-PL\"}]}<\/script>\n<!-- \/ Yoast SEO plugin. -->","yoast_head_json":{"title":"Galeria Centrum urody Agata Bulek - Zabiegi piel\u0119gnacyjne L\u0119dziny","description":"Galeria Centrum urody Agata Bulek - Zabiegi kosmetologiczne. L\u0119dziny. 43-143 L\u0119dziny ul. Fredry 6, Zadzwo\u0144 do nas: Telefon: +48 792 072 154","robots":{"index":"index","follow":"follow","max-snippet":"max-snippet:-1","max-image-preview":"max-image-preview:large","max-video-preview":"max-video-preview:-1"},"canonical":"http:\/\/www.centrum-urody.com\/index.php\/galeria\/","og_locale":"pl_PL","og_type":"article","og_title":"Galeria Centrum urody Agata Bulek - Zabiegi piel\u0119gnacyjne L\u0119dziny","og_description":"Galeria Centrum urody Agata Bulek - Zabiegi kosmetologiczne. L\u0119dziny. 43-143 L\u0119dziny ul. Fredry 6, Zadzwo\u0144 do nas: Telefon: +48 792 072 154","og_url":"http:\/\/www.centrum-urody.com\/index.php\/galeria\/","og_site_name":"Centrum Urody","article_modified_time":"2022-11-29T18:28:46+00:00","twitter_card":"summary_large_image","twitter_misc":{"Szacowany czas czytania":"4 minuty"},"schema":{"@context":"https:\/\/schema.org","@graph":[{"@type":"WebPage","@id":"http:\/\/www.centrum-urody.com\/index.php\/galeria\/","url":"http:\/\/www.centrum-urody.com\/index.php\/galeria\/","name":"Galeria Centrum urody Agata Bulek - Zabiegi piel\u0119gnacyjne L\u0119dziny","isPartOf":{"@id":"http:\/\/www.centrum-urody.com\/#website"},"datePublished":"2017-07-24T10:02:15+00:00","dateModified":"2022-11-29T18:28:46+00:00","description":"Galeria Centrum urody Agata Bulek - Zabiegi kosmetologiczne. L\u0119dziny. 43-143 L\u0119dziny ul. Fredry 6, Zadzwo\u0144 do nas: Telefon: +48 792 072 154","breadcrumb":{"@id":"http:\/\/www.centrum-urody.com\/index.php\/galeria\/#breadcrumb"},"inLanguage":"pl-PL","potentialAction":[{"@type":"ReadAction","target":["http:\/\/www.centrum-urody.com\/index.php\/galeria\/"]}]},{"@type":"BreadcrumbList","@id":"http:\/\/www.centrum-urody.com\/index.php\/galeria\/#breadcrumb","itemListElement":[{"@type":"ListItem","position":1,"name":"Strona g\u0142\u00f3wna","item":"http:\/\/www.centrum-urody.com\/"},{"@type":"ListItem","position":2,"name":"Galeria"}]},{"@type":"WebSite","@id":"http:\/\/www.centrum-urody.com\/#website","url":"http:\/\/www.centrum-urody.com\/","name":"Centrum Urody","description":"Kolejna witryna oparta na WordPressie","potentialAction":[{"@type":"SearchAction","target":{"@type":"EntryPoint","urlTemplate":"http:\/\/www.centrum-urody.com\/?s={search_term_string}"},"query-input":"required name=search_term_string"}],"inLanguage":"pl-PL"}]}},"_links":{"self":[{"href":"http:\/\/www.centrum-urody.com\/index.php\/wp-json\/wp\/v2\/pages\/16"}],"collection":[{"href":"http:\/\/www.centrum-urody.com\/index.php\/wp-json\/wp\/v2\/pages"}],"about":[{"href":"http:\/\/www.centrum-urody.com\/index.php\/wp-json\/wp\/v2\/types\/page"}],"author":[{"embeddable":true,"href":"http:\/\/www.centrum-urody.com\/index.php\/wp-json\/wp\/v2\/users\/1"}],"replies":[{"embeddable":true,"href":"http:\/\/www.centrum-urody.com\/index.php\/wp-json\/wp\/v2\/comments?post=16"}],"version-history":[{"count":57,"href":"http:\/\/www.centrum-urody.com\/index.php\/wp-json\/wp\/v2\/pages\/16\/revisions"}],"predecessor-version":[{"id":430,"href":"http:\/\/www.centrum-urody.com\/index.php\/wp-json\/wp\/v2\/pages\/16\/revisions\/430"}],"wp:attachment":[{"href":"http:\/\/www.centrum-urody.com\/index.php\/wp-json\/wp\/v2\/media?parent=16"}],"curies":[{"name":"wp","href":"https:\/\/api.w.org\/{rel}","templated":true}]}}